{"id":937,"date":"2016-01-20T12:15:13","date_gmt":"2016-01-20T12:15:13","guid":{"rendered":"http:\/\/karin-rehnqvist.se\/eng\/?page_id=937"},"modified":"2024-06-03T07:28:47","modified_gmt":"2024-06-03T06:28:47","slug":"contact","status":"publish","type":"page","link":"https:\/\/karin-rehnqvist.se\/eng\/contact\/","title":{"rendered":"Contact"},"content":{"rendered":"<h6>Publishers<\/h6>\n<p>Gehrmans | Kristina Frykl\u00f6f \u2013 <em>chamber- and orchestra works<\/em><br \/>tel: +46-8-610 06 17<br \/><a href=\"mailto:kristina.fryklof@gehrmans.se\">kristina.fryklof@gehrmans.se<\/a> | <a href=\"http:\/\/www.gehrmans.se\/en\" target=\"_blank\" rel=\"noopener noreferrer\">www.gehrmans.se<\/a><\/p>\n<p>Gehrmans | Karin Ekedahl \u2013 <em>choral music<\/em><br \/>tel: +46-8-610 06 08<br \/><a class=\"\" href=\"mailto:Karin.Ekedahl@gehrmans.se\">Karin.Ekedahl@gehrmans.se<\/a>\u00a0| <a href=\"http:\/\/www.gehrmans.se\/en\" target=\"_blank\" rel=\"noopener noreferrer\">www.gehrmans.se<\/a><\/p>\n<p>Svensk Musik | Pekka M\u00e4enp\u00e4\u00e4\u00a0<br \/>tel: +46-8-783 88 62<br \/><a href=\"mailto:pekka.maenpaa@svenskmusik.org\">pekka.maenpaa@svenskmusik.org<\/a> | <a href=\"https:\/\/www.svenskmusik.org\/en\" target=\"_blank\" rel=\"noopener\">www.svenskmusik.org\/en<\/a><\/p>\n<h4>Message to\u00a0Karin Rehnqvist:<\/h4>\n\n<div class=\"wp-block-jetpack-contact-form is-layout-flex wp-container-jetpack-contact-form-is-layout-faa3ad1c wp-block-jetpack-contact-form-is-layout-flex\"><a href=\"https:\/\/karin-rehnqvist.se\/eng\/contact\/\" target=\"_blank\" rel=\"noopener noreferrer\">Submit a form.<\/a><\/div>","protected":false},"excerpt":{"rendered":"<p>Publishers Gehrmans | Kristina Frykl\u00f6f \u2013 chamber- and orchestra workstel: +46-8-610 06 17kristina.fryklof@gehrmans.se | www.gehrmans.se Gehrmans | Karin Ekedahl \u2013 choral musictel: +46-8-610 <\/p>\n","protected":false},"author":1,"featured_media":1230,"parent":0,"menu_order":0,"comment_status":"closed","ping_status":"closed","template":"","meta":{"ngg_post_thumbnail":0,"jetpack_post_was_ever_published":false,"footnotes":""},"class_list":["post-937","page","type-page","status-publish","has-post-thumbnail","hentry"],"jetpack_sharing_enabled":true,"jetpack_shortlink":"https:\/\/wp.me\/P79arM-f7","jetpack-related-posts":[{"id":1044,"url":"https:\/\/karin-rehnqvist.se\/eng\/about-karin\/","url_meta":{"origin":937,"position":0},"title":"About Karin","author":"admin2","date":"January 27, 2016","format":false,"excerpt":"Independent Swedish composer Karin Rehnqvist writes startingly intense and immediately communicative music. It often evokes elemental forces and draws on vernacular traditions and modernist innovations by equal measure. \u00a0 More on following pages: Biography I begin in the depths of the water, says, Between the Angel and the Inchworm A\u2026","rel":"","context":"Similar post","block_context":{"text":"Similar post","link":""},"img":{"alt_text":"","src":"https:\/\/i0.wp.com\/karin-rehnqvist.se\/eng\/wp-content\/uploads\/2016\/01\/Karin_Rehnqvist_MillerTheatrebl%C3%A5-bakgr_del.png?fit=552%2C490&ssl=1&resize=350%2C200","width":350,"height":200,"srcset":"https:\/\/i0.wp.com\/karin-rehnqvist.se\/eng\/wp-content\/uploads\/2016\/01\/Karin_Rehnqvist_MillerTheatrebl%C3%A5-bakgr_del.png?fit=552%2C490&ssl=1&resize=350%2C200 1x, https:\/\/i0.wp.com\/karin-rehnqvist.se\/eng\/wp-content\/uploads\/2016\/01\/Karin_Rehnqvist_MillerTheatrebl%C3%A5-bakgr_del.png?fit=552%2C490&ssl=1&resize=525%2C300 1.5x"},"classes":[]},{"id":2221,"url":"https:\/\/karin-rehnqvist.se\/eng\/listen-to-the-music\/","url_meta":{"origin":937,"position":1},"title":"Listen to the music","author":"admin2","date":"September 21, 2021","format":false,"excerpt":"Salve ReginaNederlands Kamerkoor, Nieuw Ensemble, Ed Spanjaard, conductor\u201dLIVE\u201d Karin Rehnqvist, Composer [Sterling Modern CD3002-2] Sun Song\/ Sols\u00e5ngenLena Willemark, soprano.\u00a0Nordic Chamber Orchestra, Niklas Will\u00e9n, conductor[BIS 966, Intim Musik IMCD 037] \u00a0Preludes for a large orchestra,\u00a0met 2Royal Philharmonic Orchestra Stockholm,\u00a0Niklas Will\u00e9n, conductor When I close my eyes, I dream of peaceSchola Cantorum,\u2026","rel":"","context":"Similar post","block_context":{"text":"Similar post","link":""},"img":{"alt_text":"KR-cd_Live_omslag","src":"https:\/\/i0.wp.com\/karin-rehnqvist.se\/wp-content\/uploads\/KR-cd_Live_omslag-150x150.jpg?resize=350%2C200","width":350,"height":200},"classes":[]},{"id":3773,"url":"https:\/\/karin-rehnqvist.se\/eng\/universe\/","url_meta":{"origin":937,"position":2},"title":"Universe","author":"Johan N\u00e4slund","date":"March 12, 2025","format":false,"excerpt":"Universe, for mixed choir A short piece on a huge theme Text and music by Karin Rehnqvist (2022) Duration 2 min Carus Verlag Text: Universe Two hundred billion trillion stars My mind reels, my head swims, I feel dizzy. Two thousand billion galaxies - Two trillion galaxies! Meteoroids, asteroids, comets,\u2026","rel":"","context":"Similar post","block_context":{"text":"Similar post","link":""},"img":{"alt_text":"","src":"https:\/\/i0.wp.com\/karin-rehnqvist.se\/eng\/wp-content\/uploads\/2021\/09\/programme-note_cirkel_4A.png?fit=576%2C358&ssl=1&resize=350%2C200","width":350,"height":200,"srcset":"https:\/\/i0.wp.com\/karin-rehnqvist.se\/eng\/wp-content\/uploads\/2021\/09\/programme-note_cirkel_4A.png?fit=576%2C358&ssl=1&resize=350%2C200 1x, https:\/\/i0.wp.com\/karin-rehnqvist.se\/eng\/wp-content\/uploads\/2021\/09\/programme-note_cirkel_4A.png?fit=576%2C358&ssl=1&resize=525%2C300 1.5x"},"classes":[]},{"id":1559,"url":"https:\/\/karin-rehnqvist.se\/eng\/archive\/","url_meta":{"origin":937,"position":3},"title":"Archive","author":"admin2","date":"February 3, 2018","format":false,"excerpt":"","rel":"","context":"Similar post","block_context":{"text":"Similar post","link":""},"img":{"alt_text":"","src":"https:\/\/i0.wp.com\/karin-rehnqvist.se\/eng\/wp-content\/uploads\/2018\/02\/p%C3%A4rmrad_arkiv.jpg?resize=350%2C200","width":350,"height":200,"srcset":"https:\/\/i0.wp.com\/karin-rehnqvist.se\/eng\/wp-content\/uploads\/2018\/02\/p%C3%A4rmrad_arkiv.jpg?resize=350%2C200 1x, https:\/\/i0.wp.com\/karin-rehnqvist.se\/eng\/wp-content\/uploads\/2018\/02\/p%C3%A4rmrad_arkiv.jpg?resize=525%2C300 1.5x"},"classes":[]},{"id":960,"url":"https:\/\/karin-rehnqvist.se\/eng\/works\/","url_meta":{"origin":937,"position":4},"title":"Works","author":"admin2","date":"January 23, 2016","format":false,"excerpt":"","rel":"","context":"Similar post","block_context":{"text":"Similar post","link":""},"img":{"alt_text":"","src":"https:\/\/i0.wp.com\/karin-rehnqvist.se\/eng\/wp-content\/uploads\/2016\/01\/REHNQVIST-ALL-THOSE-STRINGS_kantele_2.jpg?fit=850%2C455&ssl=1&resize=350%2C200","width":350,"height":200,"srcset":"https:\/\/i0.wp.com\/karin-rehnqvist.se\/eng\/wp-content\/uploads\/2016\/01\/REHNQVIST-ALL-THOSE-STRINGS_kantele_2.jpg?fit=850%2C455&ssl=1&resize=350%2C200 1x, https:\/\/i0.wp.com\/karin-rehnqvist.se\/eng\/wp-content\/uploads\/2016\/01\/REHNQVIST-ALL-THOSE-STRINGS_kantele_2.jpg?fit=850%2C455&ssl=1&resize=525%2C300 1.5x, https:\/\/i0.wp.com\/karin-rehnqvist.se\/eng\/wp-content\/uploads\/2016\/01\/REHNQVIST-ALL-THOSE-STRINGS_kantele_2.jpg?fit=850%2C455&ssl=1&resize=700%2C400 2x"},"classes":[]},{"id":1040,"url":"https:\/\/karin-rehnqvist.se\/eng\/programme-notes\/","url_meta":{"origin":937,"position":5},"title":"Programme notes","author":"admin2","date":"January 27, 2016","format":false,"excerpt":"","rel":"","context":"Similar post","block_context":{"text":"Similar post","link":""},"img":{"alt_text":"","src":"","width":0,"height":0},"classes":[]}],"_links":{"self":[{"href":"https:\/\/karin-rehnqvist.se\/eng\/wp-json\/wp\/v2\/pages\/937","targetHints":{"allow":["GET"]}}],"collection":[{"href":"https:\/\/karin-rehnqvist.se\/eng\/wp-json\/wp\/v2\/pages"}],"about":[{"href":"https:\/\/karin-rehnqvist.se\/eng\/wp-json\/wp\/v2\/types\/page"}],"author":[{"embeddable":true,"href":"https:\/\/karin-rehnqvist.se\/eng\/wp-json\/wp\/v2\/users\/1"}],"replies":[{"embeddable":true,"href":"https:\/\/karin-rehnqvist.se\/eng\/wp-json\/wp\/v2\/comments?post=937"}],"version-history":[{"count":9,"href":"https:\/\/karin-rehnqvist.se\/eng\/wp-json\/wp\/v2\/pages\/937\/revisions"}],"predecessor-version":[{"id":3383,"href":"https:\/\/karin-rehnqvist.se\/eng\/wp-json\/wp\/v2\/pages\/937\/revisions\/3383"}],"wp:featuredmedia":[{"embeddable":true,"href":"https:\/\/karin-rehnqvist.se\/eng\/wp-json\/wp\/v2\/media\/1230"}],"wp:attachment":[{"href":"https:\/\/karin-rehnqvist.se\/eng\/wp-json\/wp\/v2\/media?parent=937"}],"curies":[{"name":"wp","href":"https:\/\/api.w.org\/{rel}","templated":true}]}}