{"id":932,"date":"2016-01-20T12:10:00","date_gmt":"2016-01-20T12:10:00","guid":{"rendered":"http:\/\/karin-rehnqvist.se\/eng\/?page_id=932"},"modified":"2021-09-22T13:22:50","modified_gmt":"2021-09-22T12:22:50","slug":"intro","status":"publish","type":"page","link":"https:\/\/karin-rehnqvist.se\/eng\/","title":{"rendered":"Intro"},"content":{"rendered":"\n<hr class=\"wp-block-separator has-text-color has-background has-vivid-red-background-color has-vivid-red-color\"\/>\n\n\n\n<p class=\"has-text-align-center has-large-font-size\">In my music, trumpets are not allowed to play fanfares.<br>I do not use the kettledrums to emphasize the important thing during climax.<br>The French horns are not heroic.<\/p>\n\n\n\n<p class=\"has-text-align-center has-large-font-size\">No, with me the female voices are allowed to stand for the fanfares, they are allowed to signal,<br>and the kettledrums are allowed to sing their own songs, perform their own line.<br><\/p>\n\n\n\n<div class=\"wp-block-image is-style-default\"><figure class=\"aligncenter size-full\"><img data-recalc-dims=\"1\" loading=\"lazy\" decoding=\"async\" width=\"589\" height=\"305\" data-attachment-id=\"2260\" data-permalink=\"https:\/\/karin-rehnqvist.se\/eng\/intro\/abstr-form_kr-ai_\/\" data-orig-file=\"https:\/\/i0.wp.com\/karin-rehnqvist.se\/eng\/wp-content\/uploads\/2021\/09\/abstr-form_KR.ai_.png?fit=589%2C305&amp;ssl=1\" data-orig-size=\"589,305\" data-comments-opened=\"0\" data-image-meta=\"{&quot;aperture&quot;:&quot;0&quot;,&quot;credit&quot;:&quot;&quot;,&quot;camera&quot;:&quot;&quot;,&quot;caption&quot;:&quot;&quot;,&quot;created_timestamp&quot;:&quot;0&quot;,&quot;copyright&quot;:&quot;&quot;,&quot;focal_length&quot;:&quot;0&quot;,&quot;iso&quot;:&quot;0&quot;,&quot;shutter_speed&quot;:&quot;0&quot;,&quot;title&quot;:&quot;&quot;,&quot;orientation&quot;:&quot;0&quot;}\" data-image-title=\"abstr-form_KR.ai_\" data-image-description=\"\" data-image-caption=\"\" data-large-file=\"https:\/\/i0.wp.com\/karin-rehnqvist.se\/eng\/wp-content\/uploads\/2021\/09\/abstr-form_KR.ai_.png?fit=589%2C305&amp;ssl=1\" src=\"https:\/\/i0.wp.com\/karin-rehnqvist.se\/eng\/wp-content\/uploads\/2021\/09\/abstr-form_KR.ai_.png?resize=589%2C305&#038;ssl=1\" alt=\"\" class=\"wp-image-2260\" srcset=\"https:\/\/i0.wp.com\/karin-rehnqvist.se\/eng\/wp-content\/uploads\/2021\/09\/abstr-form_KR.ai_.png?w=589&amp;ssl=1 589w, https:\/\/i0.wp.com\/karin-rehnqvist.se\/eng\/wp-content\/uploads\/2021\/09\/abstr-form_KR.ai_.png?resize=400%2C207&amp;ssl=1 400w\" sizes=\"auto, (max-width: 589px) 100vw, 589px\" \/><\/figure><\/div>\n","protected":false},"excerpt":{"rendered":"<p>In my music, trumpets are not allowed to play fanfares.I do not use the kettledrums to emphasize the important thing during climax.The French <\/p>\n","protected":false},"author":1,"featured_media":0,"parent":0,"menu_order":0,"comment_status":"closed","ping_status":"closed","template":"","meta":{"ngg_post_thumbnail":0,"jetpack_post_was_ever_published":false,"footnotes":""},"class_list":["post-932","page","type-page","status-publish","hentry"],"jetpack_sharing_enabled":true,"jetpack_shortlink":"https:\/\/wp.me\/P79arM-f2","jetpack-related-posts":[{"id":1048,"url":"https:\/\/karin-rehnqvist.se\/eng\/highlights\/","url_meta":{"origin":932,"position":0},"title":"Highlights","author":"admin2","date":"January 27, 2016","format":false,"excerpt":"Performances 2024 The Dream\u00a0\u2013\u00a0World premiere Unni L\u00f8vlid, alt, Marianne Baudouin Lie, cello Krematoriet, Stockholm Jag blir s\u00e5 arg\/ It Makes Me Mad \u2013 World premiere The Choir Kvinten from Nacka Music School, Magnus Sk\u00f6ld, piano Sara Pucek, conductor Royal College of Music, Stockholm Min dr\u00f6ms\u00e5ng\/My Dreamsong - World premiere Choir\u2026","rel":"","context":"Similar post","block_context":{"text":"Similar post","link":""},"img":{"alt_text":"","src":"https:\/\/i0.wp.com\/karin-rehnqvist.se\/eng\/wp-content\/uploads\/2016\/01\/higlights2.jpg?fit=1020%2C412&ssl=1&resize=350%2C200","width":350,"height":200,"srcset":"https:\/\/i0.wp.com\/karin-rehnqvist.se\/eng\/wp-content\/uploads\/2016\/01\/higlights2.jpg?fit=1020%2C412&ssl=1&resize=350%2C200 1x, https:\/\/i0.wp.com\/karin-rehnqvist.se\/eng\/wp-content\/uploads\/2016\/01\/higlights2.jpg?fit=1020%2C412&ssl=1&resize=525%2C300 1.5x, https:\/\/i0.wp.com\/karin-rehnqvist.se\/eng\/wp-content\/uploads\/2016\/01\/higlights2.jpg?fit=1020%2C412&ssl=1&resize=700%2C400 2x"},"classes":[]}],"_links":{"self":[{"href":"https:\/\/karin-rehnqvist.se\/eng\/wp-json\/wp\/v2\/pages\/932","targetHints":{"allow":["GET"]}}],"collection":[{"href":"https:\/\/karin-rehnqvist.se\/eng\/wp-json\/wp\/v2\/pages"}],"about":[{"href":"https:\/\/karin-rehnqvist.se\/eng\/wp-json\/wp\/v2\/types\/page"}],"author":[{"embeddable":true,"href":"https:\/\/karin-rehnqvist.se\/eng\/wp-json\/wp\/v2\/users\/1"}],"replies":[{"embeddable":true,"href":"https:\/\/karin-rehnqvist.se\/eng\/wp-json\/wp\/v2\/comments?post=932"}],"version-history":[{"count":28,"href":"https:\/\/karin-rehnqvist.se\/eng\/wp-json\/wp\/v2\/pages\/932\/revisions"}],"predecessor-version":[{"id":2261,"href":"https:\/\/karin-rehnqvist.se\/eng\/wp-json\/wp\/v2\/pages\/932\/revisions\/2261"}],"wp:attachment":[{"href":"https:\/\/karin-rehnqvist.se\/eng\/wp-json\/wp\/v2\/media?parent=932"}],"curies":[{"name":"wp","href":"https:\/\/api.w.org\/{rel}","templated":true}]}}