{"id":3962,"date":"2025-08-17T15:29:07","date_gmt":"2025-08-17T14:29:07","guid":{"rendered":"https:\/\/karin-rehnqvist.se\/eng\/?page_id=3962"},"modified":"2025-08-18T12:17:11","modified_gmt":"2025-08-18T11:17:11","slug":"when-i-close-my-eyes-i-dream-of-peace-short-version","status":"publish","type":"page","link":"https:\/\/karin-rehnqvist.se\/eng\/programme-notes\/when-i-close-my-eyes-i-dream-of-peace-short-version\/","title":{"rendered":"WHEN I CLOSE MY EYES, I DREAM OF PEACE (short version)"},"content":{"rendered":"<p><img data-recalc-dims=\"1\" loading=\"lazy\" decoding=\"async\" data-attachment-id=\"2254\" data-permalink=\"https:\/\/karin-rehnqvist.se\/eng\/natt-over-jorden-night-on-our-earth\/programme-note_cirkel_4a\/\" data-orig-file=\"https:\/\/i0.wp.com\/karin-rehnqvist.se\/eng\/wp-content\/uploads\/2021\/09\/programme-note_cirkel_4A.png?fit=576%2C358&amp;ssl=1\" data-orig-size=\"576,358\" data-comments-opened=\"0\" data-image-meta=\"{&quot;aperture&quot;:&quot;0&quot;,&quot;credit&quot;:&quot;&quot;,&quot;camera&quot;:&quot;&quot;,&quot;caption&quot;:&quot;&quot;,&quot;created_timestamp&quot;:&quot;0&quot;,&quot;copyright&quot;:&quot;&quot;,&quot;focal_length&quot;:&quot;0&quot;,&quot;iso&quot;:&quot;0&quot;,&quot;shutter_speed&quot;:&quot;0&quot;,&quot;title&quot;:&quot;&quot;,&quot;orientation&quot;:&quot;0&quot;}\" data-image-title=\"programme-note_cirkel_4A\" data-image-description=\"\" data-image-caption=\"\" data-large-file=\"https:\/\/i0.wp.com\/karin-rehnqvist.se\/eng\/wp-content\/uploads\/2021\/09\/programme-note_cirkel_4A.png?fit=576%2C358&amp;ssl=1\" class=\"alignnone size-medium wp-image-2254\" src=\"https:\/\/i0.wp.com\/karin-rehnqvist.se\/eng\/wp-content\/uploads\/2021\/09\/programme-note_cirkel_4A.png?resize=400%2C249&#038;ssl=1\" alt=\"\" width=\"400\" height=\"249\" srcset=\"https:\/\/i0.wp.com\/karin-rehnqvist.se\/eng\/wp-content\/uploads\/2021\/09\/programme-note_cirkel_4A.png?resize=400%2C249&amp;ssl=1 400w, https:\/\/i0.wp.com\/karin-rehnqvist.se\/eng\/wp-content\/uploads\/2021\/09\/programme-note_cirkel_4A.png?w=576&amp;ssl=1 576w\" sizes=\"auto, (max-width: 400px) 100vw, 400px\" \/><\/p>\n<p class=\"western\"><span style=\"font-family: Times, serif;\"><span style=\"font-size: xx-large;\"><b>When I close my eyes, I dream of peace <\/b>(short version)<\/span><\/span><\/p>\n<p class=\"western\"><span style=\"font-family: Times, serif;\"><span style=\"font-size: xx-large;\"><i>In twelve tongues <\/i><\/span><\/span><\/p>\n<p class=\"western\"><span style=\"font-family: Times, serif;\"><span style=\"font-size: x-large;\">for mixed choir in many languages <\/span><\/span><\/p>\n<p class=\"western\"><span style=\"font-family: Times, serif;\"><span style=\"font-size: x-large;\">duration 6 min<\/span><\/span><\/p>\n<p class=\"western\"><span style=\"font-family: Times, serif;\"><span style=\"font-size: large;\">The lyrics in this piece is just one sentence long, said by an eleven year old Croatian boy during the Yugoslav Wars: <\/span><\/span><\/p>\n<p class=\"western\"><span style=\"font-family: Times, serif;\"><span style=\"font-size: large;\"><i>When I close my eyes, I dream of peace <\/i><\/span><\/span><\/p>\n<p class=\"western\"><span style=\"font-family: Times, serif;\"><span style=\"font-size: large;\">No name were to be found where I found this text. <\/span><\/span><\/p>\n<p class=\"western\"><span style=\"font-family: Times, serif;\"><span style=\"font-size: large;\">The piece is sung in different languages where each language has its own melody and character. I have in many cases used scales and rhythms from the corresponding language: In Arabic there is a beautiful Arabic scale, in Swahili the lyrics are sung in a rhythmic, groovy way, in Russian the melody sounds deep and emotional through a male choir, in Swedish the danceble tune is sung in 3\/4 metre, and so on. <\/span><\/span><\/p>\n<p class=\"western\"><a name=\"_GoBack\"><\/a> <span style=\"font-family: Times, serif;\"><span style=\"font-size: large;\">This piece is a peace project, so feel free to use it with variation and in a suitable way for your choir. The full version is in two parts, where this piece makes the second part with a short introduction. <\/span><\/span><\/p>\n<p class=\"western\"><span style=\"font-family: Times, serif;\"><span style=\"font-size: large;\">19 jan 2016<\/span><\/span><\/p>\n<p class=\"western\"><span style=\"font-family: Times, serif;\"><span style=\"font-size: large;\">Karin Rehnqvist<\/span><\/span><\/p>\n","protected":false},"excerpt":{"rendered":"<p>When I close my eyes, I dream of peace (short version) In twelve tongues for mixed choir in many languages duration 6 min <\/p>\n","protected":false},"author":2,"featured_media":0,"parent":1040,"menu_order":0,"comment_status":"closed","ping_status":"closed","template":"","meta":{"ngg_post_thumbnail":0,"footnotes":""},"class_list":["post-3962","page","type-page","status-publish","hentry"],"jetpack_sharing_enabled":true,"jetpack_shortlink":"https:\/\/wp.me\/P79arM-11U","jetpack-related-posts":[{"id":3952,"url":"https:\/\/karin-rehnqvist.se\/eng\/programme-notes\/when-i-close-my-eyes-i-dream-of-peace\/","url_meta":{"origin":3962,"position":0},"title":"WHEN I CLOSE MY EYES, I DREAM OF PEACE","author":"Johan N\u00e4slund","date":"August 17, 2025","format":false,"excerpt":"When I close my eyes, I dream of peace for mixed choir in many languages Duration 10 min Part 1 \u2013 4 min Part 2 \u2013 6 min The lyrics in this piece is just one sentence long, said by an eleven year old Croatian boy during the Yugoslav Wars:\u2026","rel":"","context":"Similar post","block_context":{"text":"Similar post","link":""},"img":{"alt_text":"","src":"https:\/\/i0.wp.com\/karin-rehnqvist.se\/eng\/wp-content\/uploads\/2021\/09\/programme-note_cirkel_4A-400x249.png?resize=350%2C200&ssl=1","width":350,"height":200},"classes":[]},{"id":2221,"url":"https:\/\/karin-rehnqvist.se\/eng\/listen-to-the-music\/","url_meta":{"origin":3962,"position":1},"title":"Listen to the music","author":"admin2","date":"September 21, 2021","format":false,"excerpt":"Salve ReginaNederlands Kamerkoor, Nieuw Ensemble, Ed Spanjaard, conductor\u201dLIVE\u201d Karin Rehnqvist, Composer [Sterling Modern CD3002-2] Sun Song\/ Sols\u00e5ngenLena Willemark, soprano.\u00a0Nordic Chamber Orchestra, Niklas Will\u00e9n, conductor[BIS 966, Intim Musik IMCD 037] \u00a0Preludes for a large orchestra,\u00a0met 2Royal Philharmonic Orchestra Stockholm,\u00a0Niklas Will\u00e9n, conductor When I close my eyes, I dream of peaceSchola Cantorum,\u2026","rel":"","context":"Similar post","block_context":{"text":"Similar post","link":""},"img":{"alt_text":"KR-cd_Live_omslag","src":"https:\/\/i0.wp.com\/karin-rehnqvist.se\/wp-content\/uploads\/KR-cd_Live_omslag-150x150.jpg?resize=350%2C200","width":350,"height":200},"classes":[]},{"id":2806,"url":"https:\/\/karin-rehnqvist.se\/eng\/autumn-2023\/","url_meta":{"origin":3962,"position":2},"title":"Autumn 2023","author":"admin2","date":"November 17, 2023","format":false,"excerpt":"10 September 2023The RiddleMalva Quartet Ny Musik I S\u00f6rmland, Dr\u00f6mfabriken, Stallarholmen, Sweden, 4 pm 13 September 2023Course\/seminar for young composers: Landesakademie Ochsenhausen, Germany, September 9\u201314.Universe \u2013 premiere 1\u00a0Orpheus Vokalensemble. Cond. MIchael AlberOchsenhausen, Baden-W\u00fcrttemberg 28 September 2023S\u00e5 g\u00e5r en dag ur Sols\u00e5ngen\/ Sun Song,\u00a0Ljusf\u00e4lten\/ Fields of lightG\u00f6teborg Wind Orchestra, Lena Willemark.\u2026","rel":"","context":"Similar post","block_context":{"text":"Similar post","link":""},"img":{"alt_text":"","src":"https:\/\/i0.wp.com\/karin-rehnqvist.se\/eng\/wp-content\/uploads\/2023\/11\/host_soluppgang.jpg?fit=1200%2C634&ssl=1&resize=350%2C200","width":350,"height":200,"srcset":"https:\/\/i0.wp.com\/karin-rehnqvist.se\/eng\/wp-content\/uploads\/2023\/11\/host_soluppgang.jpg?fit=1200%2C634&ssl=1&resize=350%2C200 1x, https:\/\/i0.wp.com\/karin-rehnqvist.se\/eng\/wp-content\/uploads\/2023\/11\/host_soluppgang.jpg?fit=1200%2C634&ssl=1&resize=525%2C300 1.5x, https:\/\/i0.wp.com\/karin-rehnqvist.se\/eng\/wp-content\/uploads\/2023\/11\/host_soluppgang.jpg?fit=1200%2C634&ssl=1&resize=700%2C400 2x, https:\/\/i0.wp.com\/karin-rehnqvist.se\/eng\/wp-content\/uploads\/2023\/11\/host_soluppgang.jpg?fit=1200%2C634&ssl=1&resize=1050%2C600 3x"},"classes":[]},{"id":1670,"url":"https:\/\/karin-rehnqvist.se\/eng\/autumn-2018\/","url_meta":{"origin":3962,"position":3},"title":"Autumn 2018","author":"admin2","date":"October 13, 2018","format":false,"excerpt":"10 August, 2018 Day is here! \u2013 for eight voices and strings \u2013 Premiere Musica Vitae, Vokalharmonin, cond. Fredrik Malmberg V\u00e4stervik Chamber Music Festival Listen \u203a 29 September, 2018 Haya!:\u00a0song to the joy of day for mixed double choir a cappella F\u00f6reningen Svenska Tons\u00e4ttare\/ Swedish Society of Composers, 100 years\u2026","rel":"","context":"Similar post","block_context":{"text":"Similar post","link":""},"img":{"alt_text":"","src":"https:\/\/i0.wp.com\/karin-rehnqvist.se\/eng\/wp-content\/uploads\/2018\/10\/KR_biografi.png?resize=350%2C200","width":350,"height":200},"classes":[]},{"id":1545,"url":"https:\/\/karin-rehnqvist.se\/eng\/spring-2018\/","url_meta":{"origin":3962,"position":4},"title":"Spring 2018","author":"admin2","date":"February 3, 2018","format":false,"excerpt":"19 January 2018 Arktis Arktis! Nordic Chamber Orchestra,\u00a0Emil Eliasson, cond. Tonhallen Sundsvall, 7:00 pm 31 January 2018 N\u00e4r korpen vitnar\/ When the Raven blanches Sols\u00e5ngen\/ Sun Song Berit Norbakken Solset, soprano,\u00a0Norwegian Arctic Philharmonic Orchestra,\u00a0Tim Weiss, cond. Troms\u00f8 domkirke, Troms\u00f8, 7:30 pm Mer info \u203a 2 February 2018 When I close\u2026","rel":"","context":"Similar post","block_context":{"text":"Similar post","link":""},"img":{"alt_text":"","src":"https:\/\/i0.wp.com\/karin-rehnqvist.se\/eng\/wp-content\/uploads\/2018\/02\/bakgrund_mag-gr%C3%B6nnoter-InOrbit_1700.jpg?fit=1200%2C756&ssl=1&resize=350%2C200","width":350,"height":200,"srcset":"https:\/\/i0.wp.com\/karin-rehnqvist.se\/eng\/wp-content\/uploads\/2018\/02\/bakgrund_mag-gr%C3%B6nnoter-InOrbit_1700.jpg?fit=1200%2C756&ssl=1&resize=350%2C200 1x, https:\/\/i0.wp.com\/karin-rehnqvist.se\/eng\/wp-content\/uploads\/2018\/02\/bakgrund_mag-gr%C3%B6nnoter-InOrbit_1700.jpg?fit=1200%2C756&ssl=1&resize=525%2C300 1.5x, https:\/\/i0.wp.com\/karin-rehnqvist.se\/eng\/wp-content\/uploads\/2018\/02\/bakgrund_mag-gr%C3%B6nnoter-InOrbit_1700.jpg?fit=1200%2C756&ssl=1&resize=700%2C400 2x, https:\/\/i0.wp.com\/karin-rehnqvist.se\/eng\/wp-content\/uploads\/2018\/02\/bakgrund_mag-gr%C3%B6nnoter-InOrbit_1700.jpg?fit=1200%2C756&ssl=1&resize=1050%2C600 3x"},"classes":[]},{"id":1354,"url":"https:\/\/karin-rehnqvist.se\/eng\/spring-2017\/","url_meta":{"origin":3962,"position":5},"title":"Spring 2017","author":"admin2","date":"December 8, 2016","format":false,"excerpt":"21 January\u00a02017 Nio n\u00e4tter\/ Nine nights\u00a0\u2013\u00a0Premiere Text: Ger\u2202ur Kristn\u00fd Lena Willemark, ensemble recherche Festival Ultraschall, Berlin More on the festival's web page \u203a 26 January\u00a02017 Inauguration of the the new campus of Royal College of Music, Stockholm H\u00e4r \u00e4r musiken!\/ Here's the music! \u00a0\u2013 a\u00a0happening from\u00a0the\u00a0foyer to the\u00a0concert hall\u00a0\u2013 Premiere\u2026","rel":"","context":"Similar post","block_context":{"text":"Similar post","link":""},"img":{"alt_text":"","src":"https:\/\/i0.wp.com\/karin-rehnqvist.se\/eng\/wp-content\/uploads\/2016\/12\/noterpappersbakgr1.jpg?fit=1200%2C617&ssl=1&resize=350%2C200","width":350,"height":200,"srcset":"https:\/\/i0.wp.com\/karin-rehnqvist.se\/eng\/wp-content\/uploads\/2016\/12\/noterpappersbakgr1.jpg?fit=1200%2C617&ssl=1&resize=350%2C200 1x, https:\/\/i0.wp.com\/karin-rehnqvist.se\/eng\/wp-content\/uploads\/2016\/12\/noterpappersbakgr1.jpg?fit=1200%2C617&ssl=1&resize=525%2C300 1.5x, https:\/\/i0.wp.com\/karin-rehnqvist.se\/eng\/wp-content\/uploads\/2016\/12\/noterpappersbakgr1.jpg?fit=1200%2C617&ssl=1&resize=700%2C400 2x, https:\/\/i0.wp.com\/karin-rehnqvist.se\/eng\/wp-content\/uploads\/2016\/12\/noterpappersbakgr1.jpg?fit=1200%2C617&ssl=1&resize=1050%2C600 3x"},"classes":[]}],"_links":{"self":[{"href":"https:\/\/karin-rehnqvist.se\/eng\/wp-json\/wp\/v2\/pages\/3962","targetHints":{"allow":["GET"]}}],"collection":[{"href":"https:\/\/karin-rehnqvist.se\/eng\/wp-json\/wp\/v2\/pages"}],"about":[{"href":"https:\/\/karin-rehnqvist.se\/eng\/wp-json\/wp\/v2\/types\/page"}],"author":[{"embeddable":true,"href":"https:\/\/karin-rehnqvist.se\/eng\/wp-json\/wp\/v2\/users\/2"}],"replies":[{"embeddable":true,"href":"https:\/\/karin-rehnqvist.se\/eng\/wp-json\/wp\/v2\/comments?post=3962"}],"version-history":[{"count":7,"href":"https:\/\/karin-rehnqvist.se\/eng\/wp-json\/wp\/v2\/pages\/3962\/revisions"}],"predecessor-version":[{"id":3980,"href":"https:\/\/karin-rehnqvist.se\/eng\/wp-json\/wp\/v2\/pages\/3962\/revisions\/3980"}],"up":[{"embeddable":true,"href":"https:\/\/karin-rehnqvist.se\/eng\/wp-json\/wp\/v2\/pages\/1040"}],"wp:attachment":[{"href":"https:\/\/karin-rehnqvist.se\/eng\/wp-json\/wp\/v2\/media?parent=3962"}],"curies":[{"name":"wp","href":"https:\/\/api.w.org\/{rel}","templated":true}]}}