{"id":2494,"date":"2022-10-22T17:50:38","date_gmt":"2022-10-22T16:50:38","guid":{"rendered":"https:\/\/karin-rehnqvist.se\/eng\/?page_id=2494"},"modified":"2022-10-24T07:38:48","modified_gmt":"2022-10-24T06:38:48","slug":"autumn-2022","status":"publish","type":"page","link":"https:\/\/karin-rehnqvist.se\/eng\/autumn-2022\/","title":{"rendered":"Autumn 2022"},"content":{"rendered":"\n<p><strong>27 August<\/strong> <strong>2022<\/strong><\/p>\n\n\n\n<p><strong>Silent Earth<\/strong> | SWEDISH PREMIERE<\/p>\n\n\n\n<p>Swedish Radio Choir, Swedish Radio Symphony Orchestra<br>Dima Slobodeniouk, conductor<br>Baltic Sea Festival, Berwaldhallen, Stockholm, 7 pm<\/p>\n\n\n\n<hr class=\"wp-block-separator has-text-color has-vivid-red-color has-alpha-channel-opacity has-vivid-red-background-color has-background\"\/>\n\n\n\n<p><strong>9 October<\/strong> <strong>2022<\/strong><\/p>\n\n\n\n<p><strong>Vaults<\/strong>\/ <strong>Valv, <\/strong>for wind quintet, transcribed by Stefan Diaconu | WORLD PREMIERE<\/p>\n\n\n\n<p>V Coloris wind Quintet<br>Odd Fellow Pal\u00e6et, Bredgade 28, Copenhagen, 7.30 pm<\/p>\n\n\n\n<hr class=\"wp-block-separator has-text-color has-vivid-red-color has-alpha-channel-opacity has-vivid-red-background-color has-background\"\/>\n\n\n\n<p><strong>4 November<\/strong> <strong>2022<\/strong><\/p>\n\n\n\n<p><strong>Day is here!<\/strong> for double choir, soloists and string ensemble | WORLD PREMIERE<\/p>\n\n\n\n<p>Det Norske Solistkor, Ensemble Allegria<br>Grete Pedersen, conductor<br>Hamar Domkirke, 6 pm<\/p>\n\n\n\n<hr class=\"wp-block-separator has-text-color has-vivid-red-color has-alpha-channel-opacity has-vivid-red-background-color has-background\"\/>\n\n\n\n<p><strong>5 November 2022<\/strong><\/p>\n\n\n\n<p><strong>Day is here!<\/strong> for double choir, soloists and string ensemble<\/p>\n\n\n\n<p>Det Norske Solistkor, Ensemble Allegria<br>Grete Pedersen, conductor<br>Fredrikstad Domkirke, 6 pm<\/p>\n\n\n\n<hr class=\"wp-block-separator has-text-color has-vivid-red-color has-alpha-channel-opacity has-vivid-red-background-color has-background\"\/>\n\n\n\n<p><strong>6 November<\/strong> <strong>2022<\/strong><\/p>\n\n\n\n<p><strong>Day is here!<\/strong> for double choir, soloists and string ensemble<\/p>\n\n\n\n<p>Det Norske Solistkor, Ensemble Allegria<br>Grete Pedersen, dirigent<br>University Hall, Oslo, 6 pm<\/p>\n\n\n\n<hr class=\"wp-block-separator has-text-color has-vivid-red-color has-alpha-channel-opacity has-vivid-red-background-color has-background\"\/>\n\n\n\n<p><strong>19 November<\/strong> <strong>2022<\/strong><\/p>\n\n\n\n<p><strong>Drifted<\/strong>\/ <strong>Strandad<\/strong>, opera | WORLD PREMIERE<br>Libretto: Kerstin Perski<\/p>\n\n\n\n<p>Vivanne Holmberg, Lena Willemark, Carl Ackerfeltd, Katarina Leoson, Johan Edholm  amongst other<br>Hovkapellet\/Royal Opera Orchestra, Royal Opera Choir<br>Cathrine Winnes, conductor<br>The Royal Opera, Stockholm, 7 pm<br><a rel=\"noreferrer noopener\" href=\"https:\/\/www.operan.se\/en\/repertoire\/drifted\/\" target=\"_blank\">More info \u203a<\/a><br><br><\/p>\n","protected":false},"excerpt":{"rendered":"<p>27 August 2022 Silent Earth | SWEDISH PREMIERE Swedish Radio Choir, Swedish Radio Symphony OrchestraDima Slobodeniouk, conductorBaltic Sea Festival, Berwaldhallen, Stockholm, 7 pm <\/p>\n","protected":false},"author":1,"featured_media":0,"parent":0,"menu_order":0,"comment_status":"closed","ping_status":"closed","template":"","meta":{"ngg_post_thumbnail":0,"jetpack_post_was_ever_published":false,"footnotes":""},"class_list":["post-2494","page","type-page","status-publish","hentry"],"jetpack_sharing_enabled":true,"jetpack_shortlink":"https:\/\/wp.me\/P79arM-Ee","jetpack-related-posts":[{"id":1989,"url":"https:\/\/karin-rehnqvist.se\/eng\/spring-2020\/","url_meta":{"origin":2494,"position":0},"title":"Spring 2020","author":"admin2","date":"March 12, 2020","format":false,"excerpt":"5 February, 2020 Bloodhoof\/ Blodhov Kungasalen, Royal College of Music, Stockholm, 7 pmMore info \u203a 9 February, 2020 Sji olwatt\u00a0from Timpanum Songs \u2013 Herding Calls Eric Ericson Chamber ChoirFredrik Malmberg, conductorV\u00e4ster\u00e5s domkyrka, 6 pm 12 February, 2020 Sji olwatt\u00a0from Timpanum Songs \u2013 Herding Calls Eric Ericson Chamber ChoirFredrik Malmberg, conductorKonserthuset\u2026","rel":"","context":"Similar post","block_context":{"text":"Similar post","link":""},"img":{"alt_text":"","src":"","width":0,"height":0},"classes":[]},{"id":1670,"url":"https:\/\/karin-rehnqvist.se\/eng\/autumn-2018\/","url_meta":{"origin":2494,"position":1},"title":"Autumn 2018","author":"admin2","date":"October 13, 2018","format":false,"excerpt":"10 August, 2018 Day is here! \u2013 for eight voices and strings \u2013 Premiere Musica Vitae, Vokalharmonin, cond. Fredrik Malmberg V\u00e4stervik Chamber Music Festival Listen \u203a 29 September, 2018 Haya!:\u00a0song to the joy of day for mixed double choir a cappella F\u00f6reningen Svenska Tons\u00e4ttare\/ Swedish Society of Composers, 100 years\u2026","rel":"","context":"Similar post","block_context":{"text":"Similar post","link":""},"img":{"alt_text":"","src":"https:\/\/i0.wp.com\/karin-rehnqvist.se\/eng\/wp-content\/uploads\/2018\/10\/KR_biografi.png?resize=350%2C200","width":350,"height":200},"classes":[]},{"id":2509,"url":"https:\/\/karin-rehnqvist.se\/eng\/spring-2022\/","url_meta":{"origin":2494,"position":2},"title":"Spring 2022","author":"admin2","date":"October 22, 2022","format":false,"excerpt":"7 May 2022 Wiegenlieder im All (Vaggvisor i v\u00e4rldsrymden) | PREMIERE Neuer Kammerchor BerlinAdrian\u00a0Emans, conductor St. Matth\u00e4us-Kirche, Berlin 7 May 2022 H\u00e4r f\u00e5r du inte sitta! | PREMIERE Adolf Fredriks Musikklasser\/Adolf Fredrik's Music Classes, class 5E + 5FLina Sandborgh, conductorFolkoperan, Stockholm, 2 pm 27 March 2022 Time is Calling to\u2026","rel":"","context":"Similar post","block_context":{"text":"Similar post","link":""},"img":{"alt_text":"","src":"","width":0,"height":0},"classes":[]},{"id":2154,"url":"https:\/\/karin-rehnqvist.se\/eng\/autumn-2021\/","url_meta":{"origin":2494,"position":3},"title":"Autumn 2021","author":"admin2","date":"September 5, 2021","format":false,"excerpt":"24 September 2021\u00a0 As long as the moon shall rise\u00a0| PREMIERE Kvindelige Studenters Sangforening, OsloConductor:\u00a0Marit T\u00f8ndel Bodsberg WeydeAnniversary Concert 70 yearsUniversitetsaulan, Oslo, 7 pm More info\u00a0\u203a 24-26 September 2021 Chor.com Hannover\u00a0 24\/9\u00a0 14:30 \u2013 16:00:\u00a0 Workshop: Neue Chormusik von Karin Rehnqvist\/ New choir music by Karin Rehnqvist Eric Ericson Chamber\u2026","rel":"","context":"Similar post","block_context":{"text":"Similar post","link":""},"img":{"alt_text":"","src":"https:\/\/i0.wp.com\/karin-rehnqvist.se\/wp-content\/uploads\/musik-i-natten_del-300x275.jpg?resize=350%2C200&ssl=1","width":350,"height":200},"classes":[]},{"id":1048,"url":"https:\/\/karin-rehnqvist.se\/eng\/highlights\/","url_meta":{"origin":2494,"position":4},"title":"Highlights","author":"admin2","date":"January 27, 2016","format":false,"excerpt":"Performances 2024 The Dream\u00a0\u2013\u00a0World premiere Unni L\u00f8vlid, alt, Marianne Baudouin Lie, cello Krematoriet, Stockholm Jag blir s\u00e5 arg\/ It Makes Me Mad \u2013 World premiere The Choir Kvinten from Nacka Music School, Magnus Sk\u00f6ld, piano Sara Pucek, conductor Royal College of Music, Stockholm Min dr\u00f6ms\u00e5ng\/My Dreamsong - World premiere Choir\u2026","rel":"","context":"Similar post","block_context":{"text":"Similar post","link":""},"img":{"alt_text":"","src":"https:\/\/i0.wp.com\/karin-rehnqvist.se\/eng\/wp-content\/uploads\/2016\/01\/higlights2.jpg?fit=1020%2C412&ssl=1&resize=350%2C200","width":350,"height":200,"srcset":"https:\/\/i0.wp.com\/karin-rehnqvist.se\/eng\/wp-content\/uploads\/2016\/01\/higlights2.jpg?fit=1020%2C412&ssl=1&resize=350%2C200 1x, https:\/\/i0.wp.com\/karin-rehnqvist.se\/eng\/wp-content\/uploads\/2016\/01\/higlights2.jpg?fit=1020%2C412&ssl=1&resize=525%2C300 1.5x, https:\/\/i0.wp.com\/karin-rehnqvist.se\/eng\/wp-content\/uploads\/2016\/01\/higlights2.jpg?fit=1020%2C412&ssl=1&resize=700%2C400 2x"},"classes":[]},{"id":1847,"url":"https:\/\/karin-rehnqvist.se\/eng\/spring-2019\/","url_meta":{"origin":2494,"position":5},"title":"Spring 2019","author":"admin2","date":"May 9, 2019","format":false,"excerpt":"18 February 2019 Davids Nimm \u2013 as a balletDans \u2013 as a ballet New Chamber Ballet, \u00a0Ekmeles Vocal EnsembleCity Center Studio 5, 130 West 56th Street, New York, 7.30 p 19 February 2019 Davids Nimm \u2013 as a balletDans \u2013 as a ballet New Chamber Ballet, \u00a0Ekmeles Vocal EnsembleCity Center\u2026","rel":"","context":"Similar post","block_context":{"text":"Similar post","link":""},"img":{"alt_text":"","src":"https:\/\/i0.wp.com\/karin-rehnqvist.se\/eng\/wp-content\/uploads\/2019\/06\/Blodhov_webb2_700x700px_Blodhov_webb_700x700px.png?resize=350%2C200&ssl=1","width":350,"height":200,"srcset":"https:\/\/i0.wp.com\/karin-rehnqvist.se\/eng\/wp-content\/uploads\/2019\/06\/Blodhov_webb2_700x700px_Blodhov_webb_700x700px.png?resize=350%2C200&ssl=1 1x, https:\/\/i0.wp.com\/karin-rehnqvist.se\/eng\/wp-content\/uploads\/2019\/06\/Blodhov_webb2_700x700px_Blodhov_webb_700x700px.png?resize=525%2C300&ssl=1 1.5x, https:\/\/i0.wp.com\/karin-rehnqvist.se\/eng\/wp-content\/uploads\/2019\/06\/Blodhov_webb2_700x700px_Blodhov_webb_700x700px.png?resize=700%2C400&ssl=1 2x"},"classes":[]}],"_links":{"self":[{"href":"https:\/\/karin-rehnqvist.se\/eng\/wp-json\/wp\/v2\/pages\/2494","targetHints":{"allow":["GET"]}}],"collection":[{"href":"https:\/\/karin-rehnqvist.se\/eng\/wp-json\/wp\/v2\/pages"}],"about":[{"href":"https:\/\/karin-rehnqvist.se\/eng\/wp-json\/wp\/v2\/types\/page"}],"author":[{"embeddable":true,"href":"https:\/\/karin-rehnqvist.se\/eng\/wp-json\/wp\/v2\/users\/1"}],"replies":[{"embeddable":true,"href":"https:\/\/karin-rehnqvist.se\/eng\/wp-json\/wp\/v2\/comments?post=2494"}],"version-history":[{"count":8,"href":"https:\/\/karin-rehnqvist.se\/eng\/wp-json\/wp\/v2\/pages\/2494\/revisions"}],"predecessor-version":[{"id":2539,"href":"https:\/\/karin-rehnqvist.se\/eng\/wp-json\/wp\/v2\/pages\/2494\/revisions\/2539"}],"wp:attachment":[{"href":"https:\/\/karin-rehnqvist.se\/eng\/wp-json\/wp\/v2\/media?parent=2494"}],"curies":[{"name":"wp","href":"https:\/\/api.w.org\/{rel}","templated":true}]}}