{"id":1044,"date":"2016-01-27T22:22:25","date_gmt":"2016-01-27T21:22:25","guid":{"rendered":"http:\/\/karin-rehnqvist.se\/eng\/?page_id=1044"},"modified":"2016-01-31T14:30:13","modified_gmt":"2016-01-31T13:30:13","slug":"about-karin","status":"publish","type":"page","link":"https:\/\/karin-rehnqvist.se\/eng\/about-karin\/","title":{"rendered":"About Karin"},"content":{"rendered":"<p>Independent Swedish composer Karin Rehnqvist writes startingly intense and immediately communicative music. It often evokes elemental forces and draws on vernacular traditions and modernist innovations by equal measure.<\/p>\n<p>&nbsp;<\/p>\n<p>More on following pages:<\/p>\n<ul class=\"sub-menu toggle-submenu\">\n<li id=\"menu-item-1052\" class=\"menu-item menu-item-type-post_type menu-item-object-page menu-item-1052\"><a href=\"http:\/\/karin-rehnqvist.se\/eng\/biography\/\">Biography<\/a><\/li>\n<li id=\"menu-item-1163\" class=\"menu-item menu-item-type-post_type menu-item-object-post menu-item-1163\"><a href=\"http:\/\/karin-rehnqvist.se\/eng\/i-begin-in-the-depths-of-the-water-says\/\">I begin in the depths of the water, says,<\/a><\/li>\n<li id=\"menu-item-1162\" class=\"menu-item menu-item-type-post_type menu-item-object-post menu-item-1162\"><a href=\"http:\/\/karin-rehnqvist.se\/eng\/between-the-angel-and-the-inchworm\/\">Between the Angel and the Inchworm<\/a><\/li>\n<li id=\"menu-item-1196\" class=\"menu-item menu-item-type-post_type menu-item-object-post menu-item-1196\"><a href=\"http:\/\/karin-rehnqvist.se\/eng\/a-composer-of-fiery-inspiration\/\">A Composer of Fiery Inspiration<\/a><\/li>\n<li id=\"menu-item-1053\" class=\"menu-item menu-item-type-post_type menu-item-object-page menu-item-1053\"><a href=\"http:\/\/karin-rehnqvist.se\/eng\/highlights\/\">Highlights<\/a><\/li>\n<\/ul>\n<p>&nbsp;<\/p>\n<p>&nbsp;<\/p>\n","protected":false},"excerpt":{"rendered":"<p>Independent Swedish composer Karin Rehnqvist writes startingly intense and immediately communicative music. It often evokes elemental forces and draws on vernacular traditions and <\/p>\n","protected":false},"author":1,"featured_media":1226,"parent":0,"menu_order":0,"comment_status":"closed","ping_status":"closed","template":"","meta":{"ngg_post_thumbnail":0,"jetpack_post_was_ever_published":false,"footnotes":""},"class_list":["post-1044","page","type-page","status-publish","has-post-thumbnail","hentry"],"jetpack_sharing_enabled":true,"jetpack_shortlink":"https:\/\/wp.me\/P79arM-gQ","jetpack-related-posts":[{"id":937,"url":"https:\/\/karin-rehnqvist.se\/eng\/contact\/","url_meta":{"origin":1044,"position":0},"title":"Contact","author":"admin2","date":"January 20, 2016","format":false,"excerpt":"Publishers Gehrmans | Kristina Frykl\u00f6f \u2013 chamber- and orchestra workstel: +46-8-610 06 17kristina.fryklof@gehrmans.se | www.gehrmans.se Gehrmans | Karin Ekedahl \u2013 choral musictel: +46-8-610 06 08Karin.Ekedahl@gehrmans.se\u00a0| www.gehrmans.se Svensk Musik | Pekka M\u00e4enp\u00e4\u00e4\u00a0tel: +46-8-783 88 62pekka.maenpaa@svenskmusik.org | www.svenskmusik.org\/en Message to\u00a0Karin Rehnqvist:","rel":"","context":"Similar post","block_context":{"text":"Similar post","link":""},"img":{"alt_text":"","src":"https:\/\/i0.wp.com\/karin-rehnqvist.se\/eng\/wp-content\/uploads\/2016\/01\/str%C3%A5kar_detaljcontact.jpg?fit=1200%2C738&ssl=1&resize=350%2C200","width":350,"height":200,"srcset":"https:\/\/i0.wp.com\/karin-rehnqvist.se\/eng\/wp-content\/uploads\/2016\/01\/str%C3%A5kar_detaljcontact.jpg?fit=1200%2C738&ssl=1&resize=350%2C200 1x, https:\/\/i0.wp.com\/karin-rehnqvist.se\/eng\/wp-content\/uploads\/2016\/01\/str%C3%A5kar_detaljcontact.jpg?fit=1200%2C738&ssl=1&resize=525%2C300 1.5x, https:\/\/i0.wp.com\/karin-rehnqvist.se\/eng\/wp-content\/uploads\/2016\/01\/str%C3%A5kar_detaljcontact.jpg?fit=1200%2C738&ssl=1&resize=700%2C400 2x, https:\/\/i0.wp.com\/karin-rehnqvist.se\/eng\/wp-content\/uploads\/2016\/01\/str%C3%A5kar_detaljcontact.jpg?fit=1200%2C738&ssl=1&resize=1050%2C600 3x"},"classes":[]},{"id":2221,"url":"https:\/\/karin-rehnqvist.se\/eng\/listen-to-the-music\/","url_meta":{"origin":1044,"position":1},"title":"Listen to the music","author":"admin2","date":"September 21, 2021","format":false,"excerpt":"Salve ReginaNederlands Kamerkoor, Nieuw Ensemble, Ed Spanjaard, conductor\u201dLIVE\u201d Karin Rehnqvist, Composer [Sterling Modern CD3002-2] Sun Song\/ Sols\u00e5ngenLena Willemark, soprano.\u00a0Nordic Chamber Orchestra, Niklas Will\u00e9n, conductor[BIS 966, Intim Musik IMCD 037] \u00a0Preludes for a large orchestra,\u00a0met 2Royal Philharmonic Orchestra Stockholm,\u00a0Niklas Will\u00e9n, conductor When I close my eyes, I dream of peaceSchola Cantorum,\u2026","rel":"","context":"Similar post","block_context":{"text":"Similar post","link":""},"img":{"alt_text":"KR-cd_Live_omslag","src":"https:\/\/i0.wp.com\/karin-rehnqvist.se\/wp-content\/uploads\/KR-cd_Live_omslag-150x150.jpg?resize=350%2C200","width":350,"height":200},"classes":[]},{"id":3773,"url":"https:\/\/karin-rehnqvist.se\/eng\/universe\/","url_meta":{"origin":1044,"position":2},"title":"Universe","author":"Johan N\u00e4slund","date":"March 12, 2025","format":false,"excerpt":"Universe, for mixed choir A short piece on a huge theme Text and music by Karin Rehnqvist (2022) Duration 2 min Carus Verlag Text: Universe Two hundred billion trillion stars My mind reels, my head swims, I feel dizzy. Two thousand billion galaxies - Two trillion galaxies! Meteoroids, asteroids, comets,\u2026","rel":"","context":"Similar post","block_context":{"text":"Similar post","link":""},"img":{"alt_text":"","src":"https:\/\/i0.wp.com\/karin-rehnqvist.se\/eng\/wp-content\/uploads\/2021\/09\/programme-note_cirkel_4A.png?fit=576%2C358&ssl=1&resize=350%2C200","width":350,"height":200,"srcset":"https:\/\/i0.wp.com\/karin-rehnqvist.se\/eng\/wp-content\/uploads\/2021\/09\/programme-note_cirkel_4A.png?fit=576%2C358&ssl=1&resize=350%2C200 1x, https:\/\/i0.wp.com\/karin-rehnqvist.se\/eng\/wp-content\/uploads\/2021\/09\/programme-note_cirkel_4A.png?fit=576%2C358&ssl=1&resize=525%2C300 1.5x"},"classes":[]},{"id":1559,"url":"https:\/\/karin-rehnqvist.se\/eng\/archive\/","url_meta":{"origin":1044,"position":3},"title":"Archive","author":"admin2","date":"February 3, 2018","format":false,"excerpt":"","rel":"","context":"Similar post","block_context":{"text":"Similar post","link":""},"img":{"alt_text":"","src":"https:\/\/i0.wp.com\/karin-rehnqvist.se\/eng\/wp-content\/uploads\/2018\/02\/p%C3%A4rmrad_arkiv.jpg?resize=350%2C200","width":350,"height":200,"srcset":"https:\/\/i0.wp.com\/karin-rehnqvist.se\/eng\/wp-content\/uploads\/2018\/02\/p%C3%A4rmrad_arkiv.jpg?resize=350%2C200 1x, https:\/\/i0.wp.com\/karin-rehnqvist.se\/eng\/wp-content\/uploads\/2018\/02\/p%C3%A4rmrad_arkiv.jpg?resize=525%2C300 1.5x"},"classes":[]},{"id":960,"url":"https:\/\/karin-rehnqvist.se\/eng\/works\/","url_meta":{"origin":1044,"position":4},"title":"Works","author":"admin2","date":"January 23, 2016","format":false,"excerpt":"","rel":"","context":"Similar post","block_context":{"text":"Similar post","link":""},"img":{"alt_text":"","src":"https:\/\/i0.wp.com\/karin-rehnqvist.se\/eng\/wp-content\/uploads\/2016\/01\/REHNQVIST-ALL-THOSE-STRINGS_kantele_2.jpg?fit=850%2C455&ssl=1&resize=350%2C200","width":350,"height":200,"srcset":"https:\/\/i0.wp.com\/karin-rehnqvist.se\/eng\/wp-content\/uploads\/2016\/01\/REHNQVIST-ALL-THOSE-STRINGS_kantele_2.jpg?fit=850%2C455&ssl=1&resize=350%2C200 1x, https:\/\/i0.wp.com\/karin-rehnqvist.se\/eng\/wp-content\/uploads\/2016\/01\/REHNQVIST-ALL-THOSE-STRINGS_kantele_2.jpg?fit=850%2C455&ssl=1&resize=525%2C300 1.5x, https:\/\/i0.wp.com\/karin-rehnqvist.se\/eng\/wp-content\/uploads\/2016\/01\/REHNQVIST-ALL-THOSE-STRINGS_kantele_2.jpg?fit=850%2C455&ssl=1&resize=700%2C400 2x"},"classes":[]},{"id":1040,"url":"https:\/\/karin-rehnqvist.se\/eng\/programme-notes\/","url_meta":{"origin":1044,"position":5},"title":"Programme notes","author":"admin2","date":"January 27, 2016","format":false,"excerpt":"","rel":"","context":"Similar post","block_context":{"text":"Similar post","link":""},"img":{"alt_text":"","src":"","width":0,"height":0},"classes":[]}],"_links":{"self":[{"href":"https:\/\/karin-rehnqvist.se\/eng\/wp-json\/wp\/v2\/pages\/1044","targetHints":{"allow":["GET"]}}],"collection":[{"href":"https:\/\/karin-rehnqvist.se\/eng\/wp-json\/wp\/v2\/pages"}],"about":[{"href":"https:\/\/karin-rehnqvist.se\/eng\/wp-json\/wp\/v2\/types\/page"}],"author":[{"embeddable":true,"href":"https:\/\/karin-rehnqvist.se\/eng\/wp-json\/wp\/v2\/users\/1"}],"replies":[{"embeddable":true,"href":"https:\/\/karin-rehnqvist.se\/eng\/wp-json\/wp\/v2\/comments?post=1044"}],"version-history":[{"count":2,"href":"https:\/\/karin-rehnqvist.se\/eng\/wp-json\/wp\/v2\/pages\/1044\/revisions"}],"predecessor-version":[{"id":1228,"href":"https:\/\/karin-rehnqvist.se\/eng\/wp-json\/wp\/v2\/pages\/1044\/revisions\/1228"}],"wp:featuredmedia":[{"embeddable":true,"href":"https:\/\/karin-rehnqvist.se\/eng\/wp-json\/wp\/v2\/media\/1226"}],"wp:attachment":[{"href":"https:\/\/karin-rehnqvist.se\/eng\/wp-json\/wp\/v2\/media?parent=1044"}],"curies":[{"name":"wp","href":"https:\/\/api.w.org\/{rel}","templated":true}]}}