{"id":1040,"date":"2016-01-27T22:21:13","date_gmt":"2016-01-27T21:21:13","guid":{"rendered":"http:\/\/karin-rehnqvist.se\/eng\/?page_id=1040"},"modified":"2016-01-27T22:21:13","modified_gmt":"2016-01-27T21:21:13","slug":"programme-notes","status":"publish","type":"page","link":"https:\/\/karin-rehnqvist.se\/eng\/programme-notes\/","title":{"rendered":"Programme notes"},"content":{"rendered":"","protected":false},"excerpt":{"rendered":"","protected":false},"author":1,"featured_media":0,"parent":0,"menu_order":0,"comment_status":"closed","ping_status":"closed","template":"","meta":{"ngg_post_thumbnail":0,"footnotes":""},"class_list":["post-1040","page","type-page","status-publish","hentry"],"jetpack_sharing_enabled":true,"jetpack_shortlink":"https:\/\/wp.me\/P79arM-gM","jetpack-related-posts":[{"id":3962,"url":"https:\/\/karin-rehnqvist.se\/eng\/programme-notes\/when-i-close-my-eyes-i-dream-of-peace-short-version\/","url_meta":{"origin":1040,"position":0},"title":"WHEN I CLOSE MY EYES, I DREAM OF PEACE (short version)","author":"Johan N\u00e4slund","date":"August 17, 2025","format":false,"excerpt":"When I close my eyes, I dream of peace (short version) In twelve tongues for mixed choir in many languages duration 6 min The lyrics in this piece is just one sentence long, said by an eleven year old Croatian boy during the Yugoslav Wars: When I close my eyes,\u2026","rel":"","context":"Similar post","block_context":{"text":"Similar post","link":""},"img":{"alt_text":"","src":"https:\/\/i0.wp.com\/karin-rehnqvist.se\/eng\/wp-content\/uploads\/2021\/09\/programme-note_cirkel_4A-400x249.png?resize=350%2C200&ssl=1","width":350,"height":200},"classes":[]},{"id":3952,"url":"https:\/\/karin-rehnqvist.se\/eng\/programme-notes\/when-i-close-my-eyes-i-dream-of-peace\/","url_meta":{"origin":1040,"position":1},"title":"WHEN I CLOSE MY EYES, I DREAM OF PEACE","author":"Johan N\u00e4slund","date":"August 17, 2025","format":false,"excerpt":"When I close my eyes, I dream of peace for mixed choir in many languages Duration 10 min Part 1 \u2013 4 min Part 2 \u2013 6 min The lyrics in this piece is just one sentence long, said by an eleven year old Croatian boy during the Yugoslav Wars:\u2026","rel":"","context":"Similar post","block_context":{"text":"Similar post","link":""},"img":{"alt_text":"","src":"https:\/\/i0.wp.com\/karin-rehnqvist.se\/eng\/wp-content\/uploads\/2021\/09\/programme-note_cirkel_4A-400x249.png?resize=350%2C200&ssl=1","width":350,"height":200},"classes":[]},{"id":3669,"url":"https:\/\/karin-rehnqvist.se\/eng\/my-dreamsong-min-dromsang-2024\/","url_meta":{"origin":1040,"position":2},"title":"MY DREAMSONG (Min dr\u00f6ms\u00e5ng) (2024)","author":"Johan N\u00e4slund","date":"January 29, 2025","format":false,"excerpt":"MY DREAMSONG (Min dr\u00f6ms\u00e5ng) (2024)for children\u2019s choir, C or Bb-instrument and piano. 3'Text: Karin Rehnqvist. English translation by Anna H\u00f6gberg, Sally Beamish, Peter Thompson and Glenn MossopMusic: Karin and the children in Kvinten Choir from Nacka Music SchoolDuration 3 minMy Dreamsong was written for the Singing Children\u2019s Project:New Music for\u2026","rel":"","context":"Similar post","block_context":{"text":"Similar post","link":""},"img":{"alt_text":"","src":"https:\/\/i0.wp.com\/karin-rehnqvist.se\/eng\/wp-content\/uploads\/2021\/09\/programme-note_cirkel_2A.png?fit=576%2C358&ssl=1&resize=350%2C200","width":350,"height":200,"srcset":"https:\/\/i0.wp.com\/karin-rehnqvist.se\/eng\/wp-content\/uploads\/2021\/09\/programme-note_cirkel_2A.png?fit=576%2C358&ssl=1&resize=350%2C200 1x, https:\/\/i0.wp.com\/karin-rehnqvist.se\/eng\/wp-content\/uploads\/2021\/09\/programme-note_cirkel_2A.png?fit=576%2C358&ssl=1&resize=525%2C300 1.5x"},"classes":[]},{"id":2806,"url":"https:\/\/karin-rehnqvist.se\/eng\/autumn-2023\/","url_meta":{"origin":1040,"position":3},"title":"Autumn 2023","author":"admin2","date":"November 17, 2023","format":false,"excerpt":"10 September 2023The RiddleMalva Quartet Ny Musik I S\u00f6rmland, Dr\u00f6mfabriken, Stallarholmen, Sweden, 4 pm 13 September 2023Course\/seminar for young composers: Landesakademie Ochsenhausen, Germany, September 9\u201314.Universe \u2013 premiere 1\u00a0Orpheus Vokalensemble. Cond. MIchael AlberOchsenhausen, Baden-W\u00fcrttemberg 28 September 2023S\u00e5 g\u00e5r en dag ur Sols\u00e5ngen\/ Sun Song,\u00a0Ljusf\u00e4lten\/ Fields of lightG\u00f6teborg Wind Orchestra, Lena Willemark.\u2026","rel":"","context":"Similar post","block_context":{"text":"Similar post","link":""},"img":{"alt_text":"","src":"https:\/\/i0.wp.com\/karin-rehnqvist.se\/eng\/wp-content\/uploads\/2023\/11\/host_soluppgang.jpg?fit=1200%2C634&ssl=1&resize=350%2C200","width":350,"height":200,"srcset":"https:\/\/i0.wp.com\/karin-rehnqvist.se\/eng\/wp-content\/uploads\/2023\/11\/host_soluppgang.jpg?fit=1200%2C634&ssl=1&resize=350%2C200 1x, https:\/\/i0.wp.com\/karin-rehnqvist.se\/eng\/wp-content\/uploads\/2023\/11\/host_soluppgang.jpg?fit=1200%2C634&ssl=1&resize=525%2C300 1.5x, https:\/\/i0.wp.com\/karin-rehnqvist.se\/eng\/wp-content\/uploads\/2023\/11\/host_soluppgang.jpg?fit=1200%2C634&ssl=1&resize=700%2C400 2x, https:\/\/i0.wp.com\/karin-rehnqvist.se\/eng\/wp-content\/uploads\/2023\/11\/host_soluppgang.jpg?fit=1200%2C634&ssl=1&resize=1050%2C600 3x"},"classes":[]},{"id":3599,"url":"https:\/\/karin-rehnqvist.se\/eng\/biography\/","url_meta":{"origin":1040,"position":4},"title":"Biography","author":"Johan N\u00e4slund","date":"January 9, 2025","format":false,"excerpt":"Karin Rehnqvist was born in 1957 in Stockholm and grew up in the town of Nybro in southeast Sweden. At the Royal College of Music in Stockholm she studied music education from 1976, and then composition from 1980 to 1984. Her teachers included Gunnar Bucht, P\u00e4r Lindgren and Brian Ferneyhough.\u2026","rel":"","context":"Similar post","block_context":{"text":"Similar post","link":""},"img":{"alt_text":"","src":"https:\/\/i0.wp.com\/karin-rehnqvist.se\/eng\/wp-content\/uploads\/2025\/01\/KarinRehnqvist087_3-1.jpg?resize=350%2C200&ssl=1","width":350,"height":200},"classes":[]},{"id":992,"url":"https:\/\/karin-rehnqvist.se\/eng\/all-works-a-z\/","url_meta":{"origin":1040,"position":5},"title":"All compositions, A-W","author":"admin2","date":"January 23, 2016","format":false,"excerpt":"Programme notes \u203a ALFRED (1995) filmen om Alfred Nobel, regi Vilgot Sj\u00f6man ALL THOSE STRINGS! (2013) for string quartet and kantele 1. Night Strings 2. Cross Strings 3. Thin String \u2013 Little Song 4. Joy Strings ANDRUM (1992) f\u00f6r tv\u00e5 s\u00e5ngerskor, tv\u00e5 slagverkare och en trombonist. 17\u2032. ANROP \u2013 INROP\u2026","rel":"","context":"Similar post","block_context":{"text":"Similar post","link":""},"img":{"alt_text":"","src":"https:\/\/i0.wp.com\/karin-rehnqvist.se\/eng\/wp-content\/uploads\/2016\/01\/kr-noter_lamento.jpg?fit=1200%2C695&ssl=1&resize=350%2C200","width":350,"height":200,"srcset":"https:\/\/i0.wp.com\/karin-rehnqvist.se\/eng\/wp-content\/uploads\/2016\/01\/kr-noter_lamento.jpg?fit=1200%2C695&ssl=1&resize=350%2C200 1x, https:\/\/i0.wp.com\/karin-rehnqvist.se\/eng\/wp-content\/uploads\/2016\/01\/kr-noter_lamento.jpg?fit=1200%2C695&ssl=1&resize=525%2C300 1.5x, https:\/\/i0.wp.com\/karin-rehnqvist.se\/eng\/wp-content\/uploads\/2016\/01\/kr-noter_lamento.jpg?fit=1200%2C695&ssl=1&resize=700%2C400 2x, https:\/\/i0.wp.com\/karin-rehnqvist.se\/eng\/wp-content\/uploads\/2016\/01\/kr-noter_lamento.jpg?fit=1200%2C695&ssl=1&resize=1050%2C600 3x"},"classes":[]}],"_links":{"self":[{"href":"https:\/\/karin-rehnqvist.se\/eng\/wp-json\/wp\/v2\/pages\/1040","targetHints":{"allow":["GET"]}}],"collection":[{"href":"https:\/\/karin-rehnqvist.se\/eng\/wp-json\/wp\/v2\/pages"}],"about":[{"href":"https:\/\/karin-rehnqvist.se\/eng\/wp-json\/wp\/v2\/types\/page"}],"author":[{"embeddable":true,"href":"https:\/\/karin-rehnqvist.se\/eng\/wp-json\/wp\/v2\/users\/1"}],"replies":[{"embeddable":true,"href":"https:\/\/karin-rehnqvist.se\/eng\/wp-json\/wp\/v2\/comments?post=1040"}],"version-history":[{"count":1,"href":"https:\/\/karin-rehnqvist.se\/eng\/wp-json\/wp\/v2\/pages\/1040\/revisions"}],"predecessor-version":[{"id":1041,"href":"https:\/\/karin-rehnqvist.se\/eng\/wp-json\/wp\/v2\/pages\/1040\/revisions\/1041"}],"wp:attachment":[{"href":"https:\/\/karin-rehnqvist.se\/eng\/wp-json\/wp\/v2\/media?parent=1040"}],"curies":[{"name":"wp","href":"https:\/\/api.w.org\/{rel}","templated":true}]}}